{"id":108,"date":"2024-06-10T10:53:47","date_gmt":"2024-06-10T08:53:47","guid":{"rendered":"https:\/\/eclectic-care.cz\/?page_id=108"},"modified":"2025-07-15T13:11:48","modified_gmt":"2025-07-15T11:11:48","slug":"o-nas","status":"publish","type":"page","link":"https:\/\/eclectic-care.cz\/en\/o-nas\/","title":{"rendered":"About Eclectic Care"},"content":{"rendered":"<div style=\"max-width: 1400px; margin: 0 auto; padding: 60px 40px;\">\n<div style=\"display: flex; flex-direction: column; gap: 40px; align-items: center;\">\n<div style=\"width: 100%; max-width: 800px; background: #fef6e4; padding: 40px 50px; border-radius: 20px; text-align: center; border: 3px solid #e4cfc3; box-shadow: 0 4px 15px rgba(0,0,0,0.05);\">\n<h3 style=\"color: #2c3e50; margin-bottom: 25px; font-size: 1.5rem;\">Our main intention<\/h3>\n<p style=\"margin: 0; color: #495057; font-size: 1rem; line-height: 1.6;\">Our goal is to make life easier for people with problematic skin and help them gain control over acne through a comprehensive solution.<\/p>\n<\/div>\n<div style=\"font-size: 4rem; color: #e4cfc3; margin: 10px 0;\">\u2193<\/div>\n<div style=\"width: 100%; max-width: 800px; background: #fef6e4; padding: 40px 50px; border-radius: 20px; text-align: center; border: 3px solid #e4cfc3; box-shadow: 0 4px 15px rgba(0,0,0,0.05);\">\n<h3 style=\"color: #2c3e50; margin-bottom: 25px; font-size: 1.5rem;\">AcneSmart approach<\/h3>\n<p style=\"margin: 0; color: #495057; font-size: 1rem; line-height: 1.6;\">Our <strong>AcneSmart<\/strong> approach means that every product in our store is carefully selected to be safe for acne-prone skin.<\/p>\n<\/div>\n<div style=\"font-size: 4rem; color: #e4cfc3; margin: 10px 0;\">\u2193<\/div>\n<div style=\"width: 100%; max-width: 800px; background: #fef6e4; padding: 40px 50px; border-radius: 20px; text-align: center; border: 3px solid #e4cfc3; box-shadow: 0 4px 15px rgba(0,0,0,0.05);\">\n<h3 style=\"color: #2c3e50; margin-bottom: 25px; font-size: 1.5rem;\">Eclectic Care concept<\/h3>\n<p style=\"margin: 0; color: #495057; font-size: 1rem; line-height: 1.6;\">We know how challenging it can be to find safe products suitable for acne-prone skin. That&#039;s why we&#039;ve created <strong>comprehensive solution<\/strong> \u2014 a place where you can find everything you need under one roof. <strong>&quot;All-in-One&quot; concept<\/strong> allows customers to find the most effective <strong>AcneSmart products in one place<\/strong>From proper skin care and gadgets to healthy lifestyle products, including information and advice.<\/p>\n<\/div>\n<div style=\"font-size: 4rem; color: #e4cfc3; margin: 10px 0;\">\u2193<\/div>\n<div style=\"width: 100%; max-width: 800px; background: #fef6e4; padding: 30px 50px; border-radius: 20px; border: 3px solid #e4cfc3; display: flex; align-items: center; justify-content: center; box-shadow: 0 4px 15px rgba(0,0,0,0.05);\">\n<h3 style=\"color: #2c3e50; margin: 0; text-align: center; font-size: 1.5rem;\">Eclectic Care Policy<\/h3>\n<\/div>\n<\/div>\n<\/div>\n\n<div class=\"wp-block-image\">\n<figure class=\"aligncenter size-full is-resized\"><img fetchpriority=\"high\" decoding=\"async\" width=\"1024\" height=\"576\" src=\"https:\/\/eclectic-care.cz\/wp-content\/uploads\/2025\/05\/image.png\" alt=\"Tento obr\u00e1zek nem\u00e1 vypln\u011bn\u00fd atribut alt; n\u00e1zev souboru je Nase-vyhody----5-1024x576.png.\" class=\"wp-image-963\" style=\"width:1011px;height:auto\" srcset=\"https:\/\/eclectic-care.cz\/wp-content\/uploads\/2025\/05\/image.png 1024w, https:\/\/eclectic-care.cz\/wp-content\/uploads\/2025\/05\/image-300x169.png 300w, https:\/\/eclectic-care.cz\/wp-content\/uploads\/2025\/05\/image-768x432.png 768w, https:\/\/eclectic-care.cz\/wp-content\/uploads\/2025\/05\/image-18x10.png 18w, https:\/\/eclectic-care.cz\/wp-content\/uploads\/2025\/05\/image-600x338.png 600w, https:\/\/eclectic-care.cz\/wp-content\/uploads\/2025\/05\/image-150x84.png 150w\" sizes=\"(max-width: 1024px) 100vw, 1024px\" \/><\/figure><\/div>\n\n<div style=\"margin-top: 30px; background: #fff3cd; padding: 20px; border-radius: 10px; border-left: 5px solid #ffc107; text-align: center; width: 100%;\">\n<p style=\"margin: 0; color: #856404; font-style: italic; font-size: 1.1rem;\">If you share our values, we warmly welcome you to our store!<\/p>\n<\/div>","protected":false},"excerpt":{"rendered":"<p>N\u00e1\u0161 hlavn\u00ed z\u00e1m\u011br Na\u0161\u00edm c\u00edlem je usnadnit \u017eivot lidem s problematickou plet\u00ed a pomoct z\u00edskat kontrolu nad akn\u00e9 d\u00edky komplexn\u00edmu<\/p>","protected":false},"author":1,"featured_media":0,"parent":0,"menu_order":0,"comment_status":"closed","ping_status":"closed","template":"","meta":{"footnotes":""},"class_list":["post-108","page","type-page","status-publish","hentry"],"_links":{"self":[{"href":"https:\/\/eclectic-care.cz\/en\/wp-json\/wp\/v2\/pages\/108","targetHints":{"allow":["GET"]}}],"collection":[{"href":"https:\/\/eclectic-care.cz\/en\/wp-json\/wp\/v2\/pages"}],"about":[{"href":"https:\/\/eclectic-care.cz\/en\/wp-json\/wp\/v2\/types\/page"}],"author":[{"embeddable":true,"href":"https:\/\/eclectic-care.cz\/en\/wp-json\/wp\/v2\/users\/1"}],"replies":[{"embeddable":true,"href":"https:\/\/eclectic-care.cz\/en\/wp-json\/wp\/v2\/comments?post=108"}],"version-history":[{"count":53,"href":"https:\/\/eclectic-care.cz\/en\/wp-json\/wp\/v2\/pages\/108\/revisions"}],"predecessor-version":[{"id":1137,"href":"https:\/\/eclectic-care.cz\/en\/wp-json\/wp\/v2\/pages\/108\/revisions\/1137"}],"wp:attachment":[{"href":"https:\/\/eclectic-care.cz\/en\/wp-json\/wp\/v2\/media?parent=108"}],"curies":[{"name":"wp","href":"https:\/\/api.w.org\/{rel}","templated":true}]}}