{"id":309,"date":"2024-06-27T13:55:36","date_gmt":"2024-06-27T11:55:36","guid":{"rendered":"https:\/\/eclectic-care.cz\/?page_id=309"},"modified":"2025-07-25T13:27:03","modified_gmt":"2025-07-25T11:27:03","slug":"obchodni-podminky","status":"publish","type":"page","link":"https:\/\/eclectic-care.cz\/en\/obchodni-podminky\/","title":{"rendered":"Terms and Conditions"},"content":{"rendered":"<p>trading companies<\/p>\n\n\n\n<p>Eclectic Conception s.r.o<\/p>\n\n\n\n<p>with registered office Ol\u0161ansk\u00e1 2898\/4d&nbsp;&nbsp;&nbsp;<\/p>\n\n\n\n<p>identification number: 21348693 &nbsp;&nbsp;&nbsp;&nbsp;&nbsp;&nbsp;&nbsp;<\/p>\n\n\n\n<p>registered in the commercial register maintained <a>By the Municipal Court in Prague<\/a>, section C, insert 400527&nbsp;&nbsp;&nbsp;<\/p>\n\n\n\n<p>for the sale of goods through the online store located at www.eclectic-care.cz&nbsp;&nbsp;&nbsp;<\/p>\n\n\n\n<h2 class=\"wp-block-heading\">I. INTRODUCTORY PROVISIONS<\/h2>\n\n\n\n<ol class=\"wp-block-list\" style=\"list-style-type:lower-alpha\">\n<li>These terms and conditions (hereinafter referred to as the &quot;terms and conditions&quot;) of the trading company Eclectic Conception s.r.o., with registered office at Ol\u0161ansk\u00e1 2898\/4d, identification number: 21348693, registered in the commercial register maintained by the Municipal Court in Prague, section C, file 400527 (hereinafter referred to as the &quot;seller&quot; ) regulate, in accordance with the provisions of \u00a7 1751 paragraph 1 of Act No. 89\/2012 Coll., Civil Code, as amended (hereinafter referred to as the &quot;Civil Code&quot;), the mutual rights and obligations of the contracting parties arising in connection with or on the basis of a purchase contract ( hereinafter referred to as the &quot;purchase agreement&quot;) concluded between the seller and another natural person (hereinafter referred to as the &quot;buyer&quot;) via the seller&#039;s online store. The online store is operated by the seller on a website located at the internet address www.eclectic-care.cz (hereinafter referred to as the &quot;website&quot;), through the website interface (hereinafter referred to as the &quot;store web interface&quot;).<\/li>\n<\/ol>\n\n\n\n<ul class=\"wp-block-list\">\n<li>The terms and conditions do not apply to cases where the person who intends to purchase goods from the seller is a legal entity or a person who, when ordering goods, acts as part of his business activity or as part of his independent profession.<\/li>\n<\/ul>\n\n\n\n<ul class=\"wp-block-list\">\n<li>Provisions deviating from the terms and conditions can be negotiated in the purchase contract. Deviating provisions in the purchase contract take precedence over the provisions of the terms and conditions.<\/li>\n<\/ul>\n\n\n\n<ul class=\"wp-block-list\">\n<li>The terms and conditions are an integral part of the purchase contract. The purchase contract and terms and conditions are drawn up in the Czech language. The purchase contract can be concluded in the Czech language.<\/li>\n<\/ul>\n\n\n\n<ul class=\"wp-block-list\">\n<li>The wording of the terms and conditions may be changed or supplemented by the seller. This provision does not affect the rights and obligations arising during the period of validity of the previous version of the terms and conditions.<\/li>\n<\/ul>\n\n\n\n<h2 class=\"wp-block-heading\">II. USER ACCOUNT<\/h2>\n\n\n\n<ol class=\"wp-block-list\" style=\"list-style-type:lower-alpha\">\n<li>Based on the buyer&#039;s registration on the website, the buyer can access its user interface. The buyer can order goods from his user interface (hereinafter referred to as &quot;user account&quot;). If the web interface of the store allows it, the buyer can also order goods without registration directly from the web interface of the store.<\/li>\n<\/ol>\n\n\n\n<ul class=\"wp-block-list\">\n<li>When registering on the website and when ordering goods, the buyer is obliged to enter all data correctly and truthfully. The buyer is obliged to update the data specified in the user account in case of any change. The data provided by the buyer in the user account and when ordering goods are considered correct by the seller.<\/li>\n<\/ul>\n\n\n\n<ul class=\"wp-block-list\">\n<li>Access to the user account is secured by a username and password. The buyer is obliged to maintain confidentiality regarding the information necessary to access his user account.<\/li>\n<\/ul>\n\n\n\n<ul class=\"wp-block-list\">\n<li>The buyer is not authorized to allow the use of the user account by third parties.<\/li>\n<\/ul>\n\n\n\n<ul class=\"wp-block-list\">\n<li>The seller can cancel the user account, especially if the buyer does not use his user account for a longer period of time, or if the buyer violates his obligations under the purchase contract (including terms and conditions).<\/li>\n<\/ul>\n\n\n\n<ul class=\"wp-block-list\">\n<li>The buyer acknowledges that the user account may not be available continuously, especially with regard to the necessary maintenance of the seller&#039;s hardware and software equipment, or necessary maintenance of hardware and software equipment of third parties.<\/li>\n<\/ul>\n\n\n\n<h2 class=\"wp-block-heading\">III. ORDER AND CONCLUSION OF THE PURCHASE AGREEMENT<\/h2>\n\n\n\n<ol class=\"wp-block-list\" style=\"list-style-type:upper-roman\">\n<li><\/li>\n<\/ol>\n\n\n\n<p><\/p>\n\n\n\n<ol class=\"wp-block-list\" style=\"list-style-type:lower-alpha\">\n<li>All the presentation of goods placed in the web interface of the store is of an informative nature and the seller is not obliged to conclude a purchase contract regarding these goods. The provisions of Section 1732, paragraph 2 of the Civil Code shall not apply.<\/li>\n\n\n\n<li>The buyer orders the goods in the following ways:\n<ul class=\"wp-block-list\">\n<li>1. through your customer account, if you have previously registered in the online store,<\/li>\n\n\n\n<li>2. by filling out the order form without registration.<\/li>\n<\/ul>\n<\/li>\n<\/ol>\n\n\n\n<p>c. The order form mainly contains information about:<\/p>\n\n\n\n<p>ordered goods (the ordered goods are &quot;put&quot; by the buyer into the electronic shopping cart of the store&#039;s web interface),<\/p>\n\n\n\n<p>method of payment of the purchase price of the goods, information on the required method of delivery of the ordered goods and<\/p>\n\n\n\n<p>information about the costs associated with the delivery of the goods (hereinafter collectively referred to as the &quot;order&quot;).<\/p>\n\n\n\n<p>d. Before sending the order to the seller, the buyer is allowed to check and change the input data that the buyer entered in the order, also taking into account the buyer&#039;s ability to detect and correct errors that occurred when entering data into the order. The buyer sends the order to the seller by clicking on the &quot;Send order&quot; button. The data given in the order are considered correct by the seller. The condition for the validity of the order is the filling in of all mandatory data in the order form and confirmation by the buyer that he has become familiar with these terms and conditions. Immediately after receiving the order, the seller will confirm this receipt to the buyer by e-mail, to the buyer&#039;s e-mail address specified in the user account or in the order (hereinafter referred to as the &quot;buyer&#039;s e-mail address&quot;). This confirmation is automatic and does not constitute a contract.<\/p>\n\n\n\n<p>e. The seller is always entitled, depending on the nature of the order (quantity of goods, amount of the purchase price, estimated shipping costs), to ask the buyer for additional confirmation of the order (for example, in writing).<\/p>\n\n\n\n<p>f. The contractual relationship between the seller and the buyer is established by the delivery of the acceptance of the order (acceptance), which is sent by the seller to the buyer by e-mail, to the e-mail address of the buyer.<\/p>\n\n\n\n<p>g. In the event that the seller cannot fulfill any of the requirements stated in the order, he will send the buyer an amended offer to his email address. The amended offer is considered a new draft of the purchase contract, and the purchase contract is concluded in such a case by the buyer&#039;s confirmation of acceptance of this offer to the seller at his email address specified in these terms and conditions.<\/p>\n\n\n\n<p>h. All orders accepted by the seller are binding. The buyer can cancel the order until the buyer receives the notification of acceptance of the order by the seller.<\/p>\n\n\n\n<p>i. In the event that there was an obvious technical error on the part of the seller when indicating the price of the goods in the online store, or during the ordering process, the seller is not obliged to deliver the goods to the buyer at this obviously incorrect price, even if the buyer was sent an automatic confirmation of receipt of the order according to these terms and conditions. The seller informs the buyer of the error without undue delay and sends the buyer an amended offer to his e-mail address. The amended offer is considered a new draft of the purchase contract, and the purchase contract is concluded in such a case by confirmation of acceptance by the buyer to the seller&#039;s email address.<\/p>\n\n\n\n<h2 class=\"wp-block-heading\">IV. PAYMENT TERMS AND DELIVERY OF GOODS<\/h2>\n\n\n\n<ol class=\"wp-block-list\" style=\"list-style-type:upper-roman\">\n<li><\/li>\n<\/ol>\n\n\n\n<ol class=\"wp-block-list\" style=\"list-style-type:lower-alpha\">\n<li>The prices of goods are listed including VAT and all related fees.<\/li>\n\n\n\n<li>The price of the goods and any costs associated with the delivery of the goods according to the purchase contract can be paid by the buyer to the seller in the following ways:\n<ul class=\"wp-block-list\">\n<li>- by non-cash transfer to the seller&#039;s account No. *****, maintained at the company (hereinafter referred to as the &quot;seller&#039;s account&quot;);<br>\u2013 cashless via the ****** payment system;<br>\u2013 cashless by payment card;<br><\/li>\n<\/ul>\n<\/li>\n\n\n\n<li>Along with the purchase price, the buyer is also obliged to pay the seller the costs associated with the packaging and delivery of the goods in the agreed amount. Unless expressly stated otherwise, the purchase price also includes the costs associated with the delivery of the goods.<\/li>\n\n\n\n<li>The seller does not require a deposit or other similar payment from the buyer. Payment of the purchase price before the goods are shipped is not a deposit.<\/li>\n\n\n\n<li>In the case of payment in cash, cash on delivery or at the delivery desk, the purchase price is payable upon receipt of the goods. In the case of non-cash payment, the purchase price is due within 7 days from the conclusion of the purchase contract.<\/li>\n\n\n\n<li>In the case of non-cash payment, the buyer is obliged to pay the purchase price of the goods together with the indication of the variable payment symbol. In the case of non-cash payment, the buyer&#039;s obligation to pay the purchase price is fulfilled when the relevant amount is credited to the seller&#039;s account.<\/li>\n\n\n\n<li>The seller is entitled, especially if the buyer does not provide additional confirmation of the order, to demand payment of the entire purchase price before sending the goods to the buyer. The provisions of \u00a7 2119, paragraph 1 of the Civil Code shall not apply.<\/li>\n\n\n\n<li>If it is customary in business dealings or if it is stipulated by generally binding legal regulations, the seller will issue a tax document - an invoice - to the buyer regarding payments made on the basis of the purchase contract. The seller Eclectic Conception s.r.o. is a value added tax payer. Tax document \u2013 the seller issues the invoice to the buyer after payment of the price of the goods and sends it in electronic form to the buyer&#039;s e-mail address.<\/li>\n\n\n\n<li>In the event that the mode of transport is contracted on the basis of a special request of the buyer, the buyer bears the risk and any additional costs associated with this mode of transport.<\/li>\n\n\n\n<li>If, according to the purchase contract, the seller is obliged to deliver the goods to the place specified by the buyer in the order, the buyer is obliged to take over the goods upon delivery.&nbsp;<\/li>\n\n\n\n<li>If, for reasons on the part of the buyer, it is necessary to deliver the goods repeatedly or in a different way than was specified in the order, the buyer is obliged to pay the costs associated with repeated delivery of the goods, or costs associated with another delivery method.<\/li>\n\n\n\n<li>When taking over the goods from the transporter, the buyer is obliged to check the integrity of the packaging of the goods and, in the event of any defects, to notify the transporter immediately. In the event of a violation of the packaging indicating an unauthorized intrusion into the shipment, the buyer does not have to accept the shipment from the carrier. This does not affect the rights of the buyer from liability for product defects and other rights of the buyer resulting from generally binding legal regulations.<\/li>\n\n\n\n<li>The buyer acquires the ownership right to the goods by paying the full purchase price for the goods, including delivery costs, but first by taking over the goods. Responsibility for accidental destruction, damage or loss of goods passes to the buyer at the time of acceptance of the goods or at the time when the buyer had the obligation to accept the goods, but did not do so in violation of the purchase contract.<\/li>\n<\/ol>\n\n\n\n<h2 class=\"wp-block-heading\">V. WITHDRAWAL FROM THE PURCHASE AGREEMENT<\/h2>\n\n\n\n<ol class=\"wp-block-list\" style=\"list-style-type:lower-alpha\">\n<li>In accordance with \u00a7 1829, paragraph 1 and paragraph 2 of the Civil Code, the buyer has the right to withdraw from the purchase contract within fourteen (14) days from the date of receipt of the goods.<\/li>\n\n\n\n<li>To withdraw from the purchase contract, the buyer can use the sample form provided by the seller. The buyer sends the withdrawal from the purchase contract to the seller&#039;s email.\n<ul class=\"wp-block-list\">\n<li>In case of withdrawal from the purchase contract, the seller will return the funds received from the buyer within fourteen (14) days of the buyer&#039;s withdrawal from the purchase contract, in the same way as the seller received them from the buyer. The seller is also entitled to return the performance provided by the buyer when the goods are returned by the buyer or in another way, if the buyer agrees and no additional costs are incurred by the buyer.<\/li>\n<\/ul>\n<\/li>\n\n\n\n<li>If the buyer has chosen a different method of delivery than the cheapest method offered by the seller, the seller will reimburse the buyer for the cost of delivery of the goods to the buyer in the amount corresponding to the cheapest method of delivery of the goods offered.<\/li>\n\n\n\n<li>If the buyer withdraws from the purchase contract, the seller is not obliged to return the received funds to the buyer before the seller receives the goods, or until the buyer proves to him that he has sent the goods back, whichever occurs first.<\/li>\n\n\n\n<li>The costs associated with withdrawal and return of goods (e.g. postage) are borne and paid by the buyer (consumer).<\/li>\n\n\n\n<li>In cases where the buyer has the right to withdraw from the purchase contract in accordance with \u00a7 1829 paragraph 1 of the Civil Code, the seller is also entitled to withdraw from the purchase contract at any time, up to the time of acceptance of the goods by the buyer. The seller is entitled to withdraw from the purchase contract due to the stock being sold out, the unavailability of the goods, or when the manufacturer, importer or supplier of the goods has stopped the production or importation of the goods. In such a case, the seller will return the purchase price to the buyer without undue delay, without cash to the account designated by the buyer.<\/li>\n\n\n\n<li>The goods must be returned by the buyer to the seller undamaged, unworn and unpolluted, in the original packaging.<\/li>\n\n\n\n<li>If the returned goods are damaged due to a breach of the buyer&#039;s obligations, the seller is entitled to make a claim against the buyer for compensation for the reduction in the value of the goods and to count it against the returned amount.<\/li>\n\n\n\n<li>If a gift is provided to the buyer together with the goods, the gift contract between the seller and the buyer is concluded with the discontinuing condition that if the buyer withdraws from the purchase contract, the gift contract regarding such a gift ceases to be effective and the buyer is obliged to return the goods to the seller together with gift given.<\/li>\n\n\n\n<li>The buyer acknowledges that, according to the provisions of \u00a7 1837 of the Civil Code, it is not possible to withdraw from the purchase contract for the supply of:<\/li>\n\n\n\n<li>goods in sealed packaging, which for reasons of health protection or hygiene reasons are not suitable to return after the buyer has broken it.<\/li>\n<\/ol>\n\n\n\n<h2 class=\"wp-block-heading\">VI. RIGHTS FROM DEFECTIVE PERFORMANCE<\/h2>\n\n\n\n<ol class=\"wp-block-list\" style=\"list-style-type:lower-alpha\">\n<li>The rights and obligations of the contracting parties regarding rights from defective performance are governed by the relevant generally binding legal regulations (in particular the provisions of \u00a7 1914 to 1925, \u00a7 2099 to 2117 and \u00a7 2161 to 2174b of the Civil Code and Act No. 634\/1992 Coll., on consumer protection, as amended).<\/li>\n\n\n\n<li>The complaint, including the removal of the defect, must be handled and the buyer must be informed about it no later than thirty (30) days from the date of the claim, unless the seller and the buyer agree on a longer period.<\/li>\n<\/ol>\n\n\n\n<h2 class=\"wp-block-heading\">VII. OTHER RIGHTS AND OBLIGATIONS OF THE CONTRACTING PARTIES<\/h2>\n\n\n\n<ol class=\"wp-block-list\" style=\"list-style-type:lower-alpha\">\n<li>In relation to the buyer, the seller is not bound by any codes of conduct in the sense of the provisions of \u00a7 1826 paragraph 1 letter e) of the Civil Code.<\/li>\n\n\n\n<li>The seller handles consumer complaints via e-mail. Complaints can be sent to the seller&#039;s email address. The seller will send information about handling the buyer&#039;s complaint to the buyer&#039;s email address.&nbsp;<\/li>\n\n\n\n<li>Out-of-court settlement of consumer disputes arising from the purchase contract is the responsibility of the Czech Trade Inspection, with registered office at \u0160t\u011bp\u00e1nsk\u00e1 567\/15, 120 00 Prague 2, ID: 000 20 869, internet address: https:\/\/adr.coi.cz\/cs. The online dispute resolution platform located at http:\/\/ec.europa.eu\/consumers\/odr can be used to resolve disputes between the seller and the buyer from the purchase contract.<\/li>\n\n\n\n<li>The European Consumer Center Czech Republic, with registered office at \u0160t\u011bp\u00e1nsk\u00e1 567\/15, 120 00 Prague 2, internet address: http:\/\/www.evropskyspotrebitel.cz is the contact point according to Regulation (EU) No. 524\/2013 of the European Parliament and of the Council of 21 . of May 2013 on the resolution of consumer disputes online and on the amendment of Regulation (EC) No. 2006\/2004 and Directive 2009\/22\/EC (regulation on the resolution of consumer disputes online).<\/li>\n\n\n\n<li>The buyer can file a complaint with a supervisory or state supervisory authority. The seller is authorized to sell goods on the basis of a trade license. The trade inspection is carried out by the relevant trade office within its jurisdiction. The Office for Personal Data Protection supervises the area of personal data protection. To a limited extent, the Czech Trade Inspection supervises, among other things, compliance with the Civil Code and Act No. 634\/1992 Coll., on consumer protection, as amended.<\/li>\n\n\n\n<li>The buyer hereby assumes the risk of a change in circumstances within the meaning of \u00a7 1765, paragraph 2 of the Civil Code.<\/li>\n<\/ol>\n\n\n\n<h2 class=\"wp-block-heading\">VIII. PROTECTION OF PERSONAL DATA AND STORAGE OF COOKIES<\/h2>\n\n\n\n<ol class=\"wp-block-list\" style=\"list-style-type:lower-alpha\">\n<li>Your obligation to provide information to the buyer in accordance with Article 13 of Regulation 2016\/679 of the European Parliament and of the Council on the protection of natural persons in connection with the processing of personal data and on the free movement of such data and on the repeal of Directive 95\/46\/EC (General Data Protection Regulation) ( hereinafter referred to as the &quot;GDPR regulation&quot;) related to the processing of the buyer&#039;s personal data for the purpose of fulfilling the purchase contract, for the purpose of negotiating the purchase contract and for the purpose of fulfilling the seller&#039;s public obligations is fulfilled by the seller by means of a special document.<\/li>\n\n\n\n<li>The seller fulfills its legal obligations related to the possible storage of cookies on the buyer&#039;s device by means of a special document.<\/li>\n<\/ol>\n\n\n\n<h2 class=\"wp-block-heading\">IV. FINAL PROVISIONS<\/h2>\n\n\n\n<ol class=\"wp-block-list\" style=\"list-style-type:upper-roman\">\n<li><\/li>\n<\/ol>\n\n\n\n<ol class=\"wp-block-list\" style=\"list-style-type:lower-alpha\">\n<li>If the relationship established by the purchase contract contains an international element, then the parties agree that the relationship is governed by Czech law. By choosing the law according to the previous sentence, the buyer, who is a consumer, is not deprived of the protection provided by the provisions of the legal order, from which it is not possible to deviate contractually, and which, in the absence of the choice of law, would otherwise be applied according to the provisions of Article 6, paragraph 1 of the Regulation of the European of the Parliament and the Council (EC) No. 593\/2008 of 17 June 2008 on the law governing contractual obligations (Rome I).<\/li>\n\n\n\n<li>If any provision of the terms and conditions is invalid or ineffective, or becomes so, the invalid provision will be replaced by a provision whose meaning is as close as possible to the invalid provision. The invalidity or ineffectiveness of one provision does not affect the validity of the other provisions.<\/li>\n\n\n\n<li>The purchase contract, including the terms and conditions, is archived by the seller in electronic form and is not accessible.<\/li>\n\n\n\n<li>&nbsp;The wording of the terms and conditions may be changed or supplemented by the seller. This provision does not affect the rights and obligations arising during the period of validity of the previous version of the terms and conditions.<\/li>\n<\/ol>\n\n\n\n<p>These terms and conditions are effective from &nbsp;&nbsp;&nbsp;&nbsp;&nbsp;&nbsp;&nbsp;&nbsp;&nbsp;&nbsp;&nbsp;&nbsp;&nbsp;&nbsp;&nbsp;&nbsp;&nbsp;&nbsp;&nbsp;&nbsp;&nbsp;&nbsp;&nbsp;&nbsp;&nbsp;&nbsp;&nbsp;&nbsp;&nbsp;&nbsp;&nbsp;&nbsp;&nbsp;&nbsp;&nbsp;&nbsp;&nbsp;&nbsp;&nbsp;&nbsp;&nbsp;&nbsp;&nbsp;&nbsp;&nbsp;&nbsp;&nbsp;&nbsp;&nbsp;&nbsp;&nbsp;&nbsp;&nbsp;&nbsp;&nbsp;&nbsp;&nbsp;&nbsp;&nbsp;&nbsp;&nbsp;&nbsp;&nbsp;&nbsp;&nbsp;&nbsp;&nbsp;&nbsp;&nbsp;&nbsp;&nbsp;&nbsp;&nbsp;&nbsp;&nbsp;&nbsp;&nbsp;&nbsp;&nbsp;&nbsp;&nbsp;&nbsp;&nbsp;&nbsp;&nbsp;&nbsp;&nbsp;&nbsp;&nbsp;&nbsp;&nbsp;&nbsp;&nbsp;&nbsp;&nbsp;&nbsp;&nbsp;&nbsp;&nbsp;&nbsp;&nbsp;&nbsp;&nbsp;&nbsp;&nbsp;&nbsp;&nbsp;&nbsp;&nbsp;&nbsp;&nbsp;&nbsp;&nbsp;&nbsp;&nbsp;&nbsp;&nbsp;&nbsp;&nbsp;&nbsp;&nbsp;&nbsp;&nbsp; &nbsp;&nbsp;&nbsp;&nbsp;&nbsp;<\/p>","protected":false},"excerpt":{"rendered":"<p>trading company Eclectic Conception s.r.o. with registered office at Ol\u0161ansk\u00e1 2898\/4d identification number: 21348693 registered in the commercial register maintained by the Municipal Court<\/p>","protected":false},"author":2,"featured_media":0,"parent":0,"menu_order":0,"comment_status":"closed","ping_status":"closed","template":"","meta":{"footnotes":""},"class_list":["post-309","page","type-page","status-publish","hentry"],"_links":{"self":[{"href":"https:\/\/eclectic-care.cz\/en\/wp-json\/wp\/v2\/pages\/309","targetHints":{"allow":["GET"]}}],"collection":[{"href":"https:\/\/eclectic-care.cz\/en\/wp-json\/wp\/v2\/pages"}],"about":[{"href":"https:\/\/eclectic-care.cz\/en\/wp-json\/wp\/v2\/types\/page"}],"author":[{"embeddable":true,"href":"https:\/\/eclectic-care.cz\/en\/wp-json\/wp\/v2\/users\/2"}],"replies":[{"embeddable":true,"href":"https:\/\/eclectic-care.cz\/en\/wp-json\/wp\/v2\/comments?post=309"}],"version-history":[{"count":6,"href":"https:\/\/eclectic-care.cz\/en\/wp-json\/wp\/v2\/pages\/309\/revisions"}],"predecessor-version":[{"id":1140,"href":"https:\/\/eclectic-care.cz\/en\/wp-json\/wp\/v2\/pages\/309\/revisions\/1140"}],"wp:attachment":[{"href":"https:\/\/eclectic-care.cz\/en\/wp-json\/wp\/v2\/media?parent=309"}],"curies":[{"name":"wp","href":"https:\/\/api.w.org\/{rel}","templated":true}]}}