{"id":91,"date":"2024-06-10T10:46:27","date_gmt":"2024-06-10T08:46:27","guid":{"rendered":"https:\/\/eclectic-care.cz\/?page_id=91"},"modified":"2025-05-23T15:06:43","modified_gmt":"2025-05-23T13:06:43","slug":"platba-a-doruceni","status":"publish","type":"page","link":"https:\/\/eclectic-care.cz\/en\/platba-a-doruceni\/","title":{"rendered":"Delivery and payment"},"content":{"rendered":"<p class=\"has-black-color has-text-color has-link-color wp-elements-ea1652db502aa49cd2abc2d99f7c226f\"><strong>Transport methods:<\/strong> <\/p>\n\n\n\n<p>Mail order office \u2013 To the delivery point \u2013 79 CZK<\/p>\n\n\n<p><!-- \/wp:post-content --><\/p>\n<p><!-- wp:paragraph --><\/p>\n<p><strong>Payment:<\/strong><\/p>\n<p><!-- \/wp:paragraph --><\/p>\n<p><!-- wp:list {\"ordered\":true} --><\/p>\n<ol>\n<li style=\"list-style-type: none;\">\n<ol><!-- wp:list-item -->\n<li><strong>Payment by card online:<\/strong> We accept Visa, MasterCard and Maestro payment cards.<\/li>\n<\/ol>\n<\/li>\n<\/ol>\n<p><!-- \/wp:list-item --><\/p>\n<p><!-- wp:list-item --><\/p>\n<ol>\n<li style=\"list-style-type: none;\">\n<ol>\n<li><strong>Bank transfer:<\/strong> You can also make the payment by bank transfer. We will send you the payment details after completing the order.<\/li>\n<\/ol>\n<\/li>\n<\/ol>\n<p><!-- \/wp:list-item --><\/p>\n<p><!-- \/wp:list --><\/p>","protected":false},"excerpt":{"rendered":"<p>Zp\u016fsoby dopravy: Z\u00e1silkovna &#8211; Na v\u00fddejn\u00ed m\u00edsto &#8211; 79 k\u010d Platba: Platba kartou online: P\u0159ij\u00edm\u00e1me platebn\u00ed karty Visa, MasterCard a<\/p>","protected":false},"author":1,"featured_media":0,"parent":0,"menu_order":0,"comment_status":"closed","ping_status":"closed","template":"","meta":{"footnotes":""},"class_list":["post-91","page","type-page","status-publish","hentry"],"_links":{"self":[{"href":"https:\/\/eclectic-care.cz\/en\/wp-json\/wp\/v2\/pages\/91","targetHints":{"allow":["GET"]}}],"collection":[{"href":"https:\/\/eclectic-care.cz\/en\/wp-json\/wp\/v2\/pages"}],"about":[{"href":"https:\/\/eclectic-care.cz\/en\/wp-json\/wp\/v2\/types\/page"}],"author":[{"embeddable":true,"href":"https:\/\/eclectic-care.cz\/en\/wp-json\/wp\/v2\/users\/1"}],"replies":[{"embeddable":true,"href":"https:\/\/eclectic-care.cz\/en\/wp-json\/wp\/v2\/comments?post=91"}],"version-history":[{"count":19,"href":"https:\/\/eclectic-care.cz\/en\/wp-json\/wp\/v2\/pages\/91\/revisions"}],"predecessor-version":[{"id":961,"href":"https:\/\/eclectic-care.cz\/en\/wp-json\/wp\/v2\/pages\/91\/revisions\/961"}],"wp:attachment":[{"href":"https:\/\/eclectic-care.cz\/en\/wp-json\/wp\/v2\/media?parent=91"}],"curies":[{"name":"wp","href":"https:\/\/api.w.org\/{rel}","templated":true}]}}