{"id":940,"date":"2025-05-22T17:38:47","date_gmt":"2025-05-22T15:38:47","guid":{"rendered":"https:\/\/eclectic-care.cz\/?page_id=940"},"modified":"2025-05-27T19:50:06","modified_gmt":"2025-05-27T17:50:06","slug":"personalizovany-vyber-skincare-rutiny","status":"publish","type":"page","link":"https:\/\/eclectic-care.cz\/en\/personalizovany-vyber-skincare-rutiny\/","title":{"rendered":"Personalized skincare routine selection"},"content":{"rendered":"<section style=\"background-color: #fffdf9; padding: 48px 36px; border-radius: 20px; box-shadow: 0 10px 30px rgba(0, 0, 0, 0.08); max-width: 820px; font-family: 'Inter', sans-serif; color: #222;\">\n<p style=\"font-size: 17px; line-height: 1.7; margin-bottom: 20px;\">\ud83d\udccb <span style=\"background-color: #fff3d4; padding: 2px 6px; border-radius: 6px;\"><strong>Care scheme<\/strong><\/span> is a detailed step-by-step plan with specific products, expert recommendations, and practical tricks for everyday use.<\/p>\n<div style=\"background-color: #f7f9fc; padding: 20px; border-left: 4px solid #ffd54f; border-radius: 12px; margin-bottom: 20px;\">\n<p><strong>Thanks to this service:<\/strong><br \/>\n<span style=\"margin-left: 24px;\">\u2022<\/span>You won&#039;t get lost in the wide range of products<br \/>\n<span style=\"margin-left: 24px;\">\u2022<\/span>Save time<br \/>\n<span style=\"margin-left: 24px;\">\u2022<\/span>You eliminate unnecessary steps<br \/>\n<span style=\"margin-left: 24px;\">\u2022<\/span>You will focus on exactly what will really help your skin.<\/p>\n<\/div>\n<div style=\"background: linear-gradient(135deg, #e8f4fd 0%, #f0f8ff 100%); padding: 24px; border: 2px dashed #4a90e2; border-radius: 16px; margin-top: 20px;\">\n<p style=\"font-size: 16px; line-height: 1.6; margin: 0;\">\ud83d\udcac <strong>The consultation takes place via text messages in messenger.<\/strong><br \/>\n<span style=\"margin-left: 24px; color: #666;\">Telegram \u2022 Viber \u2022 WhatsApp<\/span><\/p>\n<p>\ud83d\udcdd <strong>We will ask you in advance for:<\/strong><br \/>\n<span style=\"margin-left: 24px;\">\u2022 filling out a questionnaire<\/span><br \/>\n<span style=\"margin-left: 24px;\">\u2022 providing photos\/videos of the skin<\/span><\/p>\n<div style=\"text-align: right;\">\n<form action=\"https:\/\/eclectic-care.cz\/en\/kosik\/\" method=\"post\" data-trp-original-action=\"https:\/\/eclectic-care.cz\/kosik\/\"><input name=\"add-to-cart\" type=\"hidden\" value=\"1041\" \/><br \/>\n<input name=\"quantity\" type=\"hidden\" value=\"1\" \/><br \/>\n<button style=\"background: #6b7f5a; color: white; padding: 12px 20px; font-size: 14px; font-weight: bold; border-radius: 25px; border: none; cursor: pointer;\" type=\"submit\">\ud83d\uded2 Order<br \/>\n<\/button><input type=\"hidden\" name=\"trp-form-language\" value=\"en\"\/><\/form>\n<\/div>\n<\/div>\n<\/section>","protected":false},"excerpt":{"rendered":"<p>\ud83d\udccb Sch\u00e9ma p\u00e9\u010de je podrobn\u00fd pl\u00e1n rozepsan\u00fd krok za krokem s konkr\u00e9tn\u00edmi produkty, odborn\u00fdmi doporu\u010den\u00edmi a praktick\u00fdmi triky pro ka\u017edodenn\u00ed<\/p>","protected":false},"author":1,"featured_media":0,"parent":0,"menu_order":0,"comment_status":"closed","ping_status":"closed","template":"","meta":{"footnotes":""},"class_list":["post-940","page","type-page","status-publish","hentry"],"_links":{"self":[{"href":"https:\/\/eclectic-care.cz\/en\/wp-json\/wp\/v2\/pages\/940","targetHints":{"allow":["GET"]}}],"collection":[{"href":"https:\/\/eclectic-care.cz\/en\/wp-json\/wp\/v2\/pages"}],"about":[{"href":"https:\/\/eclectic-care.cz\/en\/wp-json\/wp\/v2\/types\/page"}],"author":[{"embeddable":true,"href":"https:\/\/eclectic-care.cz\/en\/wp-json\/wp\/v2\/users\/1"}],"replies":[{"embeddable":true,"href":"https:\/\/eclectic-care.cz\/en\/wp-json\/wp\/v2\/comments?post=940"}],"version-history":[{"count":50,"href":"https:\/\/eclectic-care.cz\/en\/wp-json\/wp\/v2\/pages\/940\/revisions"}],"predecessor-version":[{"id":1062,"href":"https:\/\/eclectic-care.cz\/en\/wp-json\/wp\/v2\/pages\/940\/revisions\/1062"}],"wp:attachment":[{"href":"https:\/\/eclectic-care.cz\/en\/wp-json\/wp\/v2\/media?parent=940"}],"curies":[{"name":"wp","href":"https:\/\/api.w.org\/{rel}","templated":true}]}}