{"id":91,"date":"2024-06-10T10:46:27","date_gmt":"2024-06-10T08:46:27","guid":{"rendered":"https:\/\/eclectic-care.cz\/?page_id=91"},"modified":"2025-05-23T15:06:43","modified_gmt":"2025-05-23T13:06:43","slug":"platba-a-doruceni","status":"publish","type":"page","link":"https:\/\/eclectic-care.cz\/ua\/platba-a-doruceni\/","title":{"rendered":"\u0414\u043e\u0441\u0442\u0430\u0432\u043a\u0430 \u0442\u0430 \u043e\u043f\u043b\u0430\u0442\u0430"},"content":{"rendered":"<p class=\"has-black-color has-text-color has-link-color wp-elements-ea1652db502aa49cd2abc2d99f7c226f\"><strong>\u0421\u043f\u043e\u0441\u043e\u0431\u0438 \u0442\u0440\u0430\u043d\u0441\u043f\u043e\u0440\u0442\u0443\u0432\u0430\u043d\u043d\u044f:<\/strong> <\/p>\n\n\n\n<p>\u0412\u0456\u0434\u0434\u0456\u043b\u0435\u043d\u043d\u044f \u043f\u043e\u0448\u0442\u043e\u0432\u0438\u0445 \u0437\u0430\u043c\u043e\u0432\u043b\u0435\u043d\u044c \u2013 \u0414\u043e \u043c\u0456\u0441\u0446\u044f \u0432\u0438\u0434\u0430\u0447\u0456 \u2013 79 \u0447\u0435\u0441\u044c\u043a\u0438\u0445 \u043a\u0440\u043e\u043d<\/p>\n\n\n<p><!-- \/wp:post-content --><\/p>\n<p><!-- wp:paragraph --><\/p>\n<p><strong>\u041e\u043f\u043b\u0430\u0442\u0430:<\/strong><\/p>\n<p><!-- \/wp:paragraph --><\/p>\n<p><!-- wp:list {\"ordered\":true} --><\/p>\n<ol>\n<li style=\"list-style-type: none;\">\n<ol><!-- wp:list-item -->\n<li><strong>\u041e\u043f\u043b\u0430\u0442\u0430 \u043a\u0430\u0440\u0442\u043a\u043e\u044e \u043e\u043d\u043b\u0430\u0439\u043d:<\/strong> \u041c\u0438 \u043f\u0440\u0438\u0439\u043c\u0430\u0454\u043c\u043e \u043f\u043b\u0430\u0442\u0456\u0436\u043d\u0456 \u043a\u0430\u0440\u0442\u043a\u0438 Visa, MasterCard \u0442\u0430 Maestro.<\/li>\n<\/ol>\n<\/li>\n<\/ol>\n<p><!-- \/wp:list-item --><\/p>\n<p><!-- wp:list-item --><\/p>\n<ol>\n<li style=\"list-style-type: none;\">\n<ol>\n<li><strong>\u0411\u0430\u043d\u043a\u0456\u0432\u0441\u044c\u043a\u0438\u0439 \u043f\u0435\u0440\u0435\u043a\u0430\u0437:<\/strong> \u0412\u0438 \u0442\u0430\u043a\u043e\u0436 \u043c\u043e\u0436\u0435\u0442\u0435 \u0437\u0434\u0456\u0439\u0441\u043d\u0438\u0442\u0438 \u043e\u043f\u043b\u0430\u0442\u0443 \u0431\u0430\u043d\u043a\u0456\u0432\u0441\u044c\u043a\u0438\u043c \u043f\u0435\u0440\u0435\u043a\u0430\u0437\u043e\u043c. \u041c\u0438 \u043d\u0430\u0434\u0456\u0448\u043b\u0435\u043c\u043e \u0432\u0430\u043c \u043f\u043b\u0430\u0442\u0456\u0436\u043d\u0456 \u0440\u0435\u043a\u0432\u0456\u0437\u0438\u0442\u0438 \u043f\u0456\u0441\u043b\u044f \u0437\u0430\u0432\u0435\u0440\u0448\u0435\u043d\u043d\u044f \u0437\u0430\u043c\u043e\u0432\u043b\u0435\u043d\u043d\u044f.<\/li>\n<\/ol>\n<\/li>\n<\/ol>\n<p><!-- \/wp:list-item --><\/p>\n<p><!-- \/wp:list --><\/p>","protected":false},"excerpt":{"rendered":"<p>Zp\u016fsoby dopravy: Z\u00e1silkovna &#8211; Na v\u00fddejn\u00ed m\u00edsto &#8211; 79 k\u010d Platba: Platba kartou online: P\u0159ij\u00edm\u00e1me platebn\u00ed karty Visa, MasterCard a<\/p>","protected":false},"author":1,"featured_media":0,"parent":0,"menu_order":0,"comment_status":"closed","ping_status":"closed","template":"","meta":{"footnotes":""},"class_list":["post-91","page","type-page","status-publish","hentry"],"_links":{"self":[{"href":"https:\/\/eclectic-care.cz\/ua\/wp-json\/wp\/v2\/pages\/91","targetHints":{"allow":["GET"]}}],"collection":[{"href":"https:\/\/eclectic-care.cz\/ua\/wp-json\/wp\/v2\/pages"}],"about":[{"href":"https:\/\/eclectic-care.cz\/ua\/wp-json\/wp\/v2\/types\/page"}],"author":[{"embeddable":true,"href":"https:\/\/eclectic-care.cz\/ua\/wp-json\/wp\/v2\/users\/1"}],"replies":[{"embeddable":true,"href":"https:\/\/eclectic-care.cz\/ua\/wp-json\/wp\/v2\/comments?post=91"}],"version-history":[{"count":19,"href":"https:\/\/eclectic-care.cz\/ua\/wp-json\/wp\/v2\/pages\/91\/revisions"}],"predecessor-version":[{"id":961,"href":"https:\/\/eclectic-care.cz\/ua\/wp-json\/wp\/v2\/pages\/91\/revisions\/961"}],"wp:attachment":[{"href":"https:\/\/eclectic-care.cz\/ua\/wp-json\/wp\/v2\/media?parent=91"}],"curies":[{"name":"wp","href":"https:\/\/api.w.org\/{rel}","templated":true}]}}