{"id":940,"date":"2025-05-22T17:38:47","date_gmt":"2025-05-22T15:38:47","guid":{"rendered":"https:\/\/eclectic-care.cz\/?page_id=940"},"modified":"2025-05-27T19:50:06","modified_gmt":"2025-05-27T17:50:06","slug":"personalizovany-vyber-skincare-rutiny","status":"publish","type":"page","link":"https:\/\/eclectic-care.cz\/ua\/personalizovany-vyber-skincare-rutiny\/","title":{"rendered":"\u041f\u0456\u0434\u0431\u0456\u0440 \u043f\u0435\u0440\u0441\u043e\u043d\u0430\u043b\u0456\u0437\u043e\u0432\u0430\u043d\u043e\u0433\u043e \u0440\u0435\u0436\u0438\u043c\u0443 \u0434\u043e\u0433\u043b\u044f\u0434\u0443 \u0437\u0430 \u0448\u043a\u0456\u0440\u043e\u044e"},"content":{"rendered":"<section style=\"background-color: #fffdf9; padding: 48px 36px; border-radius: 20px; box-shadow: 0 10px 30px rgba(0, 0, 0, 0.08); max-width: 820px; font-family: 'Inter', sans-serif; color: #222;\">\n<p style=\"font-size: 17px; line-height: 1.7; margin-bottom: 20px;\">\ud83d\udccb <span style=\"background-color: #fff3d4; padding: 2px 6px; border-radius: 6px;\"><strong>\u0421\u0445\u0435\u043c\u0430 \u0434\u043e\u0433\u043b\u044f\u0434\u0443<\/strong><\/span> \u2013 \u0446\u0435 \u0434\u0435\u0442\u0430\u043b\u044c\u043d\u0438\u0439 \u043f\u043e\u043a\u0440\u043e\u043a\u043e\u0432\u0438\u0439 \u043f\u043b\u0430\u043d \u0456\u0437 \u043a\u043e\u043d\u043a\u0440\u0435\u0442\u043d\u0438\u043c\u0438 \u043f\u0440\u043e\u0434\u0443\u043a\u0442\u0430\u043c\u0438, \u0440\u0435\u043a\u043e\u043c\u0435\u043d\u0434\u0430\u0446\u0456\u044f\u043c\u0438 \u0435\u043a\u0441\u043f\u0435\u0440\u0442\u0456\u0432 \u0442\u0430 \u043f\u0440\u0430\u043a\u0442\u0438\u0447\u043d\u0438\u043c\u0438 \u043f\u043e\u0440\u0430\u0434\u0430\u043c\u0438 \u0434\u043b\u044f \u0449\u043e\u0434\u0435\u043d\u043d\u043e\u0433\u043e \u0432\u0438\u043a\u043e\u0440\u0438\u0441\u0442\u0430\u043d\u043d\u044f.<\/p>\n<div style=\"background-color: #f7f9fc; padding: 20px; border-left: 4px solid #ffd54f; border-radius: 12px; margin-bottom: 20px;\">\n<p><strong>\u0417\u0430\u0432\u0434\u044f\u043a\u0438 \u0446\u044c\u043e\u043c\u0443 \u0441\u0435\u0440\u0432\u0456\u0441\u0443:<\/strong><br \/>\n<span style=\"margin-left: 24px;\">\u2022<\/span>\u0412\u0438 \u043d\u0435 \u0437\u0430\u0433\u0443\u0431\u0438\u0442\u0435\u0441\u044f \u0443 \u0448\u0438\u0440\u043e\u043a\u043e\u043c\u0443 \u0430\u0441\u043e\u0440\u0442\u0438\u043c\u0435\u043d\u0442\u0456 \u0442\u043e\u0432\u0430\u0440\u0456\u0432<br \/>\n<span style=\"margin-left: 24px;\">\u2022<\/span>\u0417\u0431\u0435\u0440\u0435\u0436\u0456\u0442\u044c \u0447\u0430\u0441<br \/>\n<span style=\"margin-left: 24px;\">\u2022<\/span>\u0412\u0438 \u043f\u043e\u0437\u0431\u0430\u0432\u043b\u044f\u0454\u0442\u0435\u0441\u044f \u043d\u0435\u043f\u043e\u0442\u0440\u0456\u0431\u043d\u0438\u0445 \u043a\u0440\u043e\u043a\u0456\u0432<br \/>\n<span style=\"margin-left: 24px;\">\u2022<\/span>\u0412\u0438 \u0437\u043e\u0441\u0435\u0440\u0435\u0434\u0438\u0442\u0435\u0441\u044f \u0441\u0430\u043c\u0435 \u043d\u0430 \u0442\u043e\u043c\u0443, \u0449\u043e \u0434\u0456\u0439\u0441\u043d\u043e \u0434\u043e\u043f\u043e\u043c\u043e\u0436\u0435 \u0432\u0430\u0448\u0456\u0439 \u0448\u043a\u0456\u0440\u0456.<\/p>\n<\/div>\n<div style=\"background: linear-gradient(135deg, #e8f4fd 0%, #f0f8ff 100%); padding: 24px; border: 2px dashed #4a90e2; border-radius: 16px; margin-top: 20px;\">\n<p style=\"font-size: 16px; line-height: 1.6; margin: 0;\">\ud83d\udcac <strong>\u041a\u043e\u043d\u0441\u0443\u043b\u044c\u0442\u0430\u0446\u0456\u044f \u0432\u0456\u0434\u0431\u0443\u0432\u0430\u0454\u0442\u044c\u0441\u044f \u0447\u0435\u0440\u0435\u0437 \u0442\u0435\u043a\u0441\u0442\u043e\u0432\u0456 \u043f\u043e\u0432\u0456\u0434\u043e\u043c\u043b\u0435\u043d\u043d\u044f \u0432 \u043c\u0435\u0441\u0435\u043d\u0434\u0436\u0435\u0440\u0456.<\/strong><br \/>\n<span style=\"margin-left: 24px; color: #666;\">\u0422\u0435\u043b\u0435\u0433\u0440\u0430\u043c \u2022 \u0412\u0430\u0439\u0431\u0435\u0440 \u2022 WhatsApp<\/span><\/p>\n<p>\ud83d\udcdd <strong>\u041c\u0438 \u0437\u0430\u0437\u0434\u0430\u043b\u0435\u0433\u0456\u0434\u044c \u0437\u0430\u043f\u0438\u0442\u0430\u0454\u043c\u043e \u0443 \u0432\u0430\u0441:<\/strong><br \/>\n<span style=\"margin-left: 24px;\">\u2022 \u0437\u0430\u043f\u043e\u0432\u043d\u0435\u043d\u043d\u044f \u0430\u043d\u043a\u0435\u0442\u0438<\/span><br \/>\n<span style=\"margin-left: 24px;\">\u2022 \u043d\u0430\u0434\u0430\u043d\u043d\u044f \u0444\u043e\u0442\u043e\u0433\u0440\u0430\u0444\u0456\u0439\/\u0432\u0456\u0434\u0435\u043e \u0448\u043a\u0456\u0440\u0438<\/span><\/p>\n<div style=\"text-align: right;\">\n<form action=\"https:\/\/eclectic-care.cz\/ua\/kosik\/\" method=\"post\" data-trp-original-action=\"https:\/\/eclectic-care.cz\/kosik\/\"><input name=\"add-to-cart\" type=\"hidden\" value=\"1041\" \/><br \/>\n<input name=\"quantity\" type=\"hidden\" value=\"1\" \/><br \/>\n<button style=\"background: #6b7f5a; color: white; padding: 12px 20px; font-size: 14px; font-weight: bold; border-radius: 25px; border: none; cursor: pointer;\" type=\"submit\">\ud83d\uded2 \u0417\u0430\u043c\u043e\u0432\u043b\u0435\u043d\u043d\u044f<br \/>\n<\/button><input type=\"hidden\" name=\"trp-form-language\" value=\"ua\"\/><\/form>\n<\/div>\n<\/div>\n<\/section>","protected":false},"excerpt":{"rendered":"<p>\ud83d\udccb Sch\u00e9ma p\u00e9\u010de je podrobn\u00fd pl\u00e1n rozepsan\u00fd krok za krokem s konkr\u00e9tn\u00edmi produkty, odborn\u00fdmi doporu\u010den\u00edmi a praktick\u00fdmi triky pro ka\u017edodenn\u00ed<\/p>","protected":false},"author":1,"featured_media":0,"parent":0,"menu_order":0,"comment_status":"closed","ping_status":"closed","template":"","meta":{"footnotes":""},"class_list":["post-940","page","type-page","status-publish","hentry"],"_links":{"self":[{"href":"https:\/\/eclectic-care.cz\/ua\/wp-json\/wp\/v2\/pages\/940","targetHints":{"allow":["GET"]}}],"collection":[{"href":"https:\/\/eclectic-care.cz\/ua\/wp-json\/wp\/v2\/pages"}],"about":[{"href":"https:\/\/eclectic-care.cz\/ua\/wp-json\/wp\/v2\/types\/page"}],"author":[{"embeddable":true,"href":"https:\/\/eclectic-care.cz\/ua\/wp-json\/wp\/v2\/users\/1"}],"replies":[{"embeddable":true,"href":"https:\/\/eclectic-care.cz\/ua\/wp-json\/wp\/v2\/comments?post=940"}],"version-history":[{"count":50,"href":"https:\/\/eclectic-care.cz\/ua\/wp-json\/wp\/v2\/pages\/940\/revisions"}],"predecessor-version":[{"id":1062,"href":"https:\/\/eclectic-care.cz\/ua\/wp-json\/wp\/v2\/pages\/940\/revisions\/1062"}],"wp:attachment":[{"href":"https:\/\/eclectic-care.cz\/ua\/wp-json\/wp\/v2\/media?parent=940"}],"curies":[{"name":"wp","href":"https:\/\/api.w.org\/{rel}","templated":true}]}}