{"id":98,"date":"2024-06-10T10:47:44","date_gmt":"2024-06-10T08:47:44","guid":{"rendered":"https:\/\/eclectic-care.cz\/?page_id=98"},"modified":"2024-06-19T20:54:48","modified_gmt":"2024-06-19T18:54:48","slug":"akce","status":"publish","type":"page","link":"https:\/\/eclectic-care.cz\/ua\/akce\/","title":{"rendered":"\u041e\u0441\u043e\u0431\u043b\u0438\u0432\u0430 \u043f\u0440\u043e\u043f\u043e\u0437\u0438\u0446\u0456\u044f"},"content":{"rendered":"<div data-elementor-type=\"wp-page\" data-elementor-id=\"98\" class=\"elementor elementor-98\">\n\t\t\t\t<div class=\"elementor-element elementor-element-bd805a6 e-flex e-con-boxed e-con e-parent\" data-id=\"bd805a6\" data-element_type=\"container\" data-e-type=\"container\">\n\t\t\t\t\t<div class=\"e-con-inner\">\n\t\t\t\t<div class=\"elementor-element elementor-element-9fcd215 wd-width-100 elementor-widget elementor-widget-wd_products\" data-id=\"9fcd215\" data-element_type=\"widget\" data-e-type=\"widget\" data-widget_type=\"wd_products.default\">\n\t\t\t\t<div class=\"elementor-widget-container\">\n\t\t\t\t\t\t\t\t\t\t<div class=\"wd-products-element\">\n\n\t\t\t\n\t\t\t\n\t\t\t\n\t\t\t\n\t\t\t<div class=\"products wd-products grid-columns-3 elements-grid title-line-two wd-grid-g wd-stretch-cont-lg wd-stretch-cont-md wd-stretch-cont-sm wd-products-with-bg\" data-paged=\"1\" data-atts=\"{&quot;carousel_id&quot;:&quot;5000&quot;,&quot;speed&quot;:null,&quot;slides_per_view&quot;:null,&quot;slides_per_view_tablet&quot;:{&quot;size&quot;:&quot;&quot;},&quot;slides_per_view_mobile&quot;:{&quot;size&quot;:&quot;&quot;},&quot;wrap&quot;:null,&quot;loop&quot;:false,&quot;autoplay&quot;:null,&quot;autoheight&quot;:null,&quot;hide_pagination_control&quot;:null,&quot;hide_pagination_control_tablet&quot;:&quot;yes&quot;,&quot;hide_pagination_control_mobile&quot;:&quot;yes&quot;,&quot;dynamic_pagination_control&quot;:null,&quot;hide_prev_next_buttons&quot;:null,&quot;carousel_arrows_position&quot;:null,&quot;hide_scrollbar&quot;:null,&quot;hide_scrollbar_tablet&quot;:&quot;yes&quot;,&quot;hide_scrollbar_mobile&quot;:&quot;yes&quot;,&quot;scroll_per_page&quot;:null,&quot;dragEndSpeed&quot;:200,&quot;center_mode&quot;:null,&quot;custom_sizes&quot;:false,&quot;sliding_speed&quot;:false,&quot;animation&quot;:false,&quot;content_animation&quot;:false,&quot;post_type&quot;:&quot;sale&quot;,&quot;slider&quot;:&quot;&quot;,&quot;library&quot;:&quot;&quot;,&quot;css&quot;:&quot;&quot;,&quot;effect&quot;:&quot;&quot;,&quot;spacing&quot;:&quot;&quot;,&quot;spacing_tablet&quot;:&quot;&quot;,&quot;spacing_mobile&quot;:&quot;&quot;,&quot;carousel_sync&quot;:null,&quot;sync_parent_id&quot;:null,&quot;sync_child_id&quot;:null,&quot;scroll_carousel_init&quot;:null,&quot;disable_overflow_carousel&quot;:null,&quot;element_title&quot;:&quot;&quot;,&quot;query_post_type&quot;:&quot;product&quot;,&quot;include&quot;:null,&quot;taxonomies&quot;:&quot;&quot;,&quot;offset&quot;:&quot;&quot;,&quot;orderby&quot;:&quot;rand&quot;,&quot;query_type&quot;:&quot;OR&quot;,&quot;order&quot;:null,&quot;meta_key&quot;:null,&quot;exclude&quot;:&quot;&quot;,&quot;shop_tools&quot;:null,&quot;hide_out_of_stock&quot;:&quot;no&quot;,&quot;ajax_recently_viewed&quot;:null,&quot;layout&quot;:&quot;grid&quot;,&quot;pagination&quot;:&quot;&quot;,&quot;pagination_arrows_position&quot;:null,&quot;items_per_page&quot;:12,&quot;columns&quot;:{&quot;unit&quot;:&quot;px&quot;,&quot;size&quot;:3,&quot;sizes&quot;:[]},&quot;columns_tablet&quot;:{&quot;size&quot;:&quot;&quot;},&quot;columns_mobile&quot;:{&quot;size&quot;:&quot;&quot;},&quot;products_masonry&quot;:&quot;&quot;,&quot;products_different_sizes&quot;:&quot;&quot;,&quot;product_quantity&quot;:&quot;&quot;,&quot;product_hover&quot;:&quot;inherit&quot;,&quot;sale_countdown&quot;:&quot;0&quot;,&quot;stretch_product&quot;:null,&quot;stretch_product_tablet&quot;:0,&quot;stretch_product_mobile&quot;:0,&quot;stock_progress_bar&quot;:&quot;0&quot;,&quot;highlighted_products&quot;:&quot;0&quot;,&quot;products_bordered_grid&quot;:&quot;0&quot;,&quot;products_bordered_grid_style&quot;:null,&quot;products_with_background&quot;:&quot;1&quot;,&quot;products_shadow&quot;:&quot;0&quot;,&quot;products_color_scheme&quot;:&quot;default&quot;,&quot;img_size&quot;:&quot;large&quot;,&quot;img_size_custom&quot;:null,&quot;grid_gallery&quot;:&quot;&quot;,&quot;grid_gallery_control&quot;:null,&quot;grid_gallery_enable_arrows&quot;:null,&quot;ajax_page&quot;:&quot;&quot;,&quot;force_not_ajax&quot;:&quot;no&quot;,&quot;lazy_loading&quot;:&quot;no&quot;,&quot;elementor&quot;:true,&quot;wrapper_classes&quot;:&quot;&quot;}\" data-source=\"shortcode\" data-columns=\"3\" data-grid-gallery=\"\" style=\"--wd-col-lg:3;--wd-col-md:3;--wd-col-sm:2;--wd-gap-lg:30px;--wd-gap-sm:10px;\">\n\t\t\n\t\t\t\t\t\t\t\t<div class=\"wd-product wd-with-labels wd-hover-fw-button wd-hover-with-fade wd-col product-grid-item product type-product post-155 status-publish instock product_cat-must-have product_cat-pece-o-plet product_cat-pece-o-telo product_cat-spf has-post-thumbnail sale featured shipping-taxable purchasable product-type-simple\" data-loop=\"1\" data-id=\"155\">\n\t\n\t\n<div class=\"product-wrapper\">\n\t<div class=\"content-product-imagin\"><\/div>\n\t<div class=\"product-element-top wd-quick-shop\">\n\t\t<a href=\"https:\/\/eclectic-care.cz\/ua\/product\/enzymovy-prasek-2-s-pelynkem-isntree-spot-saver-mugwort-powder-wash\/\" class=\"product-image-link\">\n\t\t\t<div class=\"product-labels labels-rounded\"><span class=\"onsale product-label\">-75%<\/span><\/div><img fetchpriority=\"high\" decoding=\"async\" width=\"350\" height=\"350\" src=\"https:\/\/eclectic-care.cz\/wp-content\/uploads\/2024\/06\/Rectangle-10-2.png\" class=\"attachment-large size-large\" alt=\"\" srcset=\"https:\/\/eclectic-care.cz\/wp-content\/uploads\/2024\/06\/Rectangle-10-2.png 350w, https:\/\/eclectic-care.cz\/wp-content\/uploads\/2024\/06\/Rectangle-10-2-300x300.png 300w, https:\/\/eclectic-care.cz\/wp-content\/uploads\/2024\/06\/Rectangle-10-2-150x150.png 150w\" sizes=\"(max-width: 350px) 100vw, 350px\">\t\t<\/a>\n\n\t\t\n\t\t<div class=\"wd-buttons wd-pos-r-t\">\n\t\t\t\t\t\t\t\t\t\t\t\t\t\t<\/div>\n\t<\/div>\n\n\t<div class=\"product-element-bottom\">\n\n\t\t<h3 class=\"wd-entities-title\"><a href=\"https:\/\/eclectic-care.cz\/ua\/product\/enzymovy-prasek-2-s-pelynkem-isntree-spot-saver-mugwort-powder-wash\/\">Enzyme Powder 2 with Mugwort Isntree Spot Saver Mugwort Powder Wash<\/a><\/h3>\n\t\t\t\t\n\t\t\n\t\t<div class=\"wrap-price\">\n\t\t\t\n\t<span class=\"price\"><del aria-hidden=\"true\"><span class=\"woocommerce-Price-amount amount\"><bdi>1777,00&nbsp;<span class=\"woocommerce-Price-currencySymbol\">&#75;&#269;<\/span><\/bdi><\/span><\/del> <span class=\"screen-reader-text\" data-no-translation=\"\" data-trp-gettext=\"\">\u041e\u0440\u0438\u0433\u0456\u043d\u0430\u043b\u044c\u043d\u0430 \u0446\u0456\u043d\u0430: 1777,00&nbsp;&#075;&#269;.<\/span><ins aria-hidden=\"true\"><span class=\"woocommerce-Price-amount amount\"><bdi>444,00&nbsp;<span class=\"woocommerce-Price-currencySymbol\">&#75;&#269;<\/span><\/bdi><\/span><\/ins><span class=\"screen-reader-text\" data-no-translation=\"\" data-trp-gettext=\"\">\u041f\u043e\u0442\u043e\u0447\u043d\u0430 \u0446\u0456\u043d\u0430: 444,00&nbsp;&#075;&#269;.<\/span><\/span>\n\n\t\t\t\t\t<\/div>\n\n\t\t<div class=\"wd-add-btn wd-add-btn-replace\">\n\t\t\t\n\t\t\t<a href=\"\/ua\/wp-json\/wp\/v2\/pages\/98?add-to-cart=155\" aria-describedby=\"woocommerce_loop_add_to_cart_link_describedby_155\" data-quantity=\"1\" class=\"button product_type_simple add_to_cart_button ajax_add_to_cart add-to-cart-loop\" data-product_id=\"155\" data-product_sku=\"\" aria-label=\"\u0414\u043e\u0434\u0430\u0442\u0438 \u0432 \u043a\u043e\u0448\u0438\u043a: \u201cEnzymov\u00fd pr\u00e1\u0161ek 2 s pely\u0148kem Isntree Spot Saver Mugwort Powder Wash\u201d\" rel=\"nofollow\" data-success_message=\"\u201cEnzymov\u00fd pr\u00e1\u0161ek 2 s pely\u0148kem Isntree Spot Saver Mugwort Powder Wash\u201d \u0434\u043e\u0434\u0430\u043d\u043e \u0434\u043e \u0432\u0430\u0448\u043e\u0433\u043e \u043a\u043e\u0448\u0438\u043a\u0430\" role=\"button\" data-no-translation-aria-label=\"\" data-no-translation-data-success_message=\"\"><span data-no-translation=\"\" data-trp-gettext=\"\">\u0414\u043e\u0434\u0430\u0442\u0438 \u0432 \u043a\u043e\u0448\u0438\u043a<\/span><\/a><span id=\"woocommerce_loop_add_to_cart_link_describedby_155\" class=\"screen-reader-text\">\n\t<\/span>\n\t\t<\/div>\n\n\t\t\n\t\t\t\t<div class=\"fade-in-block wd-scroll\">\n\t\t\t\t\t\t\n\t\t\t\t\t<\/div>\n\t<\/div>\n<\/div>\n<\/div>\n\t\t\t\t\t\t\t\t<div class=\"wd-product wd-with-labels wd-hover-fw-button wd-hover-with-fade wd-col product-grid-item product type-product post-284 status-publish instock product_cat-pece-o-plet product_cat-masky-pece-o-plet product_cat-pece-o-ocni-okoli has-post-thumbnail sale shipping-taxable purchasable product-type-simple\" data-loop=\"2\" data-id=\"284\">\n\t\n\t\n<div class=\"product-wrapper\">\n\t<div class=\"content-product-imagin\"><\/div>\n\t<div class=\"product-element-top wd-quick-shop\">\n\t\t<a href=\"https:\/\/eclectic-care.cz\/ua\/product\/nazva\/\" class=\"product-image-link\">\n\t\t\t<div class=\"product-labels labels-rounded\"><span class=\"onsale product-label\">-17%<\/span><\/div><img decoding=\"async\" width=\"220\" height=\"220\" src=\"https:\/\/eclectic-care.cz\/wp-content\/uploads\/2024\/06\/Ellipse-9-4.png\" class=\"attachment-large size-large\" alt=\"\" srcset=\"https:\/\/eclectic-care.cz\/wp-content\/uploads\/2024\/06\/Ellipse-9-4.png 220w, https:\/\/eclectic-care.cz\/wp-content\/uploads\/2024\/06\/Ellipse-9-4-150x150.png 150w\" sizes=\"(max-width: 220px) 100vw, 220px\">\t\t<\/a>\n\n\t\t\n\t\t<div class=\"wd-buttons wd-pos-r-t\">\n\t\t\t\t\t\t\t\t\t\t\t\t\t\t<\/div>\n\t<\/div>\n\n\t<div class=\"product-element-bottom\">\n\n\t\t<h3 class=\"wd-entities-title\"><a href=\"https:\/\/eclectic-care.cz\/ua\/product\/nazva\/\">\u0406\u043c&#039;\u044f<\/a><\/h3>\n\t\t\t\t\n\t\t\n\t\t<div class=\"wrap-price\">\n\t\t\t\n\t<span class=\"price\"><del aria-hidden=\"true\"><span class=\"woocommerce-Price-amount amount\"><bdi>600,00&nbsp;<span class=\"woocommerce-Price-currencySymbol\">&#75;&#269;<\/span><\/bdi><\/span><\/del> <span class=\"screen-reader-text\" data-no-translation=\"\" data-trp-gettext=\"\">\u041e\u0440\u0438\u0433\u0456\u043d\u0430\u043b\u044c\u043d\u0430 \u0446\u0456\u043d\u0430: 600,00&nbsp;&#075;&#269;.<\/span><ins aria-hidden=\"true\"><span class=\"woocommerce-Price-amount amount\"><bdi>500,00&nbsp;<span class=\"woocommerce-Price-currencySymbol\">&#75;&#269;<\/span><\/bdi><\/span><\/ins><span class=\"screen-reader-text\" data-no-translation=\"\" data-trp-gettext=\"\">\u041f\u043e\u0442\u043e\u0447\u043d\u0430 \u0446\u0456\u043d\u0430: 500,00&nbsp;&#075;&#269;.<\/span><\/span>\n\n\t\t\t\t\t<\/div>\n\n\t\t<div class=\"wd-add-btn wd-add-btn-replace\">\n\t\t\t\n\t\t\t<a href=\"\/ua\/wp-json\/wp\/v2\/pages\/98?add-to-cart=284\" aria-describedby=\"woocommerce_loop_add_to_cart_link_describedby_284\" data-quantity=\"1\" class=\"button product_type_simple add_to_cart_button ajax_add_to_cart add-to-cart-loop\" data-product_id=\"284\" data-product_sku=\"\" aria-label=\"\u0414\u043e\u0434\u0430\u0442\u0438 \u0432 \u043a\u043e\u0448\u0438\u043a: \u201cNazva\u201d\" rel=\"nofollow\" data-success_message=\"\u201cNazva\u201d \u0434\u043e\u0434\u0430\u043d\u043e \u0434\u043e \u0432\u0430\u0448\u043e\u0433\u043e \u043a\u043e\u0448\u0438\u043a\u0430\" role=\"button\" data-no-translation-aria-label=\"\" data-no-translation-data-success_message=\"\"><span data-no-translation=\"\" data-trp-gettext=\"\">\u0414\u043e\u0434\u0430\u0442\u0438 \u0432 \u043a\u043e\u0448\u0438\u043a<\/span><\/a><span id=\"woocommerce_loop_add_to_cart_link_describedby_284\" class=\"screen-reader-text\">\n\t<\/span>\n\t\t<\/div>\n\n\t\t\n\t\t\t\t<div class=\"fade-in-block wd-scroll\">\n\t\t\t\t\t\t\n\t\t\t\t\t<\/div>\n\t<\/div>\n<\/div>\n<\/div>\n\t\t\n\t\t\t\t<\/div>\n\t\n\t\t\n\t\t\n\t\t\t\t\t<\/div>\n\t\t\n\t\t\t\t\t\t<\/div>\n\t\t\t\t<\/div>\n\t\t\t\t\t<\/div>\n\t\t\t\t<\/div>\n\t\t\t\t<\/div>","protected":false},"excerpt":{"rendered":"<p>-75% Enzymov\u00fd pr\u00e1\u0161ek 2 s pely\u0148kem Isntree Spot Saver Mugwort Powder Wash 1777,00&nbsp;&#75;&#269; \u041e\u0440\u0438\u0433\u0456\u043d\u0430\u043b\u044c\u043d\u0430 \u0446\u0456\u043d\u0430: 1777,00&nbsp;&#075;&#269;.444,00&nbsp;&#75;&#269;\u041f\u043e\u0442\u043e\u0447\u043d\u0430 \u0446\u0456\u043d\u0430: 444,00&nbsp;&#075;&#269;. \u0414\u043e\u0434\u0430\u0442\u0438 \u0432<\/p>","protected":false},"author":1,"featured_media":0,"parent":0,"menu_order":0,"comment_status":"closed","ping_status":"closed","template":"","meta":{"footnotes":""},"class_list":["post-98","page","type-page","status-publish","hentry"],"_links":{"self":[{"href":"https:\/\/eclectic-care.cz\/ua\/wp-json\/wp\/v2\/pages\/98","targetHints":{"allow":["GET"]}}],"collection":[{"href":"https:\/\/eclectic-care.cz\/ua\/wp-json\/wp\/v2\/pages"}],"about":[{"href":"https:\/\/eclectic-care.cz\/ua\/wp-json\/wp\/v2\/types\/page"}],"author":[{"embeddable":true,"href":"https:\/\/eclectic-care.cz\/ua\/wp-json\/wp\/v2\/users\/1"}],"replies":[{"embeddable":true,"href":"https:\/\/eclectic-care.cz\/ua\/wp-json\/wp\/v2\/comments?post=98"}],"version-history":[{"count":8,"href":"https:\/\/eclectic-care.cz\/ua\/wp-json\/wp\/v2\/pages\/98\/revisions"}],"predecessor-version":[{"id":224,"href":"https:\/\/eclectic-care.cz\/ua\/wp-json\/wp\/v2\/pages\/98\/revisions\/224"}],"wp:attachment":[{"href":"https:\/\/eclectic-care.cz\/ua\/wp-json\/wp\/v2\/media?parent=98"}],"curies":[{"name":"wp","href":"https:\/\/api.w.org\/{rel}","templated":true}]}}